{"id":28640,"date":"2017-02-16T09:16:27","date_gmt":"2017-02-16T08:16:27","guid":{"rendered":"http:\/\/mxajfmgl.preview.infomaniak.website\/?page_id=38"},"modified":"2025-02-04T20:43:27","modified_gmt":"2025-02-04T19:43:27","slug":"don","status":"publish","type":"page","link":"https:\/\/rookieslash.org\/en\/don\/","title":{"rendered":"Support"},"content":{"rendered":"<p>[et_pb_section fb_built=\u00a0\u00bb1&Prime; fullwidth=\u00a0\u00bbon\u00a0\u00bb disabled_on=\u00a0\u00bboff|off|off\u00a0\u00bb admin_label=\u00a0\u00bbSection\u00a0\u00bb _builder_version=\u00a0\u00bb4.27.4&Prime; custom_padding=\u00a0\u00bb0px|0px|0px|0px\u00a0\u00bb transparent_background=\u00a0\u00bboff\u00a0\u00bb make_fullwidth=\u00a0\u00bboff\u00a0\u00bb use_custom_width=\u00a0\u00bboff\u00a0\u00bb width_unit=\u00a0\u00bboff\u00a0\u00bb custom_width_px=\u00a0\u00bb1080px\u00a0\u00bb custom_width_percent=\u00a0\u00bb80%\u00a0\u00bb global_colors_info=\u00a0\u00bb{}\u00a0\u00bb][et_pb_fullwidth_slider admin_label=\u00a0\u00bbCurseur de d\u00e9filement plein \u00e9cran\u00a0\u00bb _builder_version=\u00a0\u00bb4.27.4&Prime; custom_padding=\u00a0\u00bb|||\u00a0\u00bb custom_padding_tablet=\u00a0\u00bb|||\u00a0\u00bb custom_padding_phone=\u00a0\u00bb|||\u00a0\u00bb remove_inner_shadow=\u00a0\u00bbon\u00a0\u00bb hide_content_on_mobile=\u00a0\u00bboff\u00a0\u00bb hide_cta_on_mobile=\u00a0\u00bboff\u00a0\u00bb show_inner_shadow=\u00a0\u00bboff\u00a0\u00bb button_letter_spacing_hover=\u00a0\u00bb0&Prime; global_colors_info=\u00a0\u00bb{}\u00a0\u00bb button_text_size__hover_enabled=\u00a0\u00bboff\u00a0\u00bb button_one_text_size__hover_enabled=\u00a0\u00bboff\u00a0\u00bb button_two_text_size__hover_enabled=\u00a0\u00bboff\u00a0\u00bb button_text_color__hover_enabled=\u00a0\u00bboff\u00a0\u00bb button_one_text_color__hover_enabled=\u00a0\u00bboff\u00a0\u00bb button_two_text_color__hover_enabled=\u00a0\u00bboff\u00a0\u00bb button_border_width__hover_enabled=\u00a0\u00bboff\u00a0\u00bb button_one_border_width__hover_enabled=\u00a0\u00bboff\u00a0\u00bb button_two_border_width__hover_enabled=\u00a0\u00bboff\u00a0\u00bb button_border_color__hover_enabled=\u00a0\u00bboff\u00a0\u00bb button_one_border_color__hover_enabled=\u00a0\u00bboff\u00a0\u00bb button_two_border_color__hover_enabled=\u00a0\u00bboff\u00a0\u00bb button_border_radius__hover_enabled=\u00a0\u00bboff\u00a0\u00bb button_one_border_radius__hover_enabled=\u00a0\u00bboff\u00a0\u00bb button_two_border_radius__hover_enabled=\u00a0\u00bboff\u00a0\u00bb button_letter_spacing__hover_enabled=\u00a0\u00bbon\u00a0\u00bb button_letter_spacing__hover=\u00a0\u00bb0&Prime; button_one_letter_spacing__hover_enabled=\u00a0\u00bboff\u00a0\u00bb button_two_letter_spacing__hover_enabled=\u00a0\u00bboff\u00a0\u00bb button_bg_color__hover_enabled=\u00a0\u00bboff\u00a0\u00bb button_one_bg_color__hover_enabled=\u00a0\u00bboff\u00a0\u00bb button_two_bg_color__hover_enabled=\u00a0\u00bboff\u00a0\u00bb][et_pb_slide heading=\u00a0\u00bbVous voulez faire un don \u00e0 rookie slash\u202f?\u00a0\u00bb use_bg_overlay=\u00a0\u00bbon\u00a0\u00bb bg_overlay_color=\u00a0\u00bbrgba(0,0,0,0.5)\u00a0\u00bb use_text_overlay=\u00a0\u00bboff\u00a0\u00bb _builder_version=\u00a0\u00bb4.27.4&Prime; header_font=\u00a0\u00bb||||\u00a0\u00bb body_font=\u00a0\u00bb||||\u00a0\u00bb body_line_height=\u00a0\u00bb1.5em\u00a0\u00bb background_enable_color=\u00a0\u00bboff\u00a0\u00bb background_image=\u00a0\u00bbhttps:\/\/rookieslash.org\/wp-content\/uploads\/2022\/03\/2022.02.21_BAGA_PROJET-ALSF_00027-scaled.jpg\u00a0\u00bb background_enable_image=\u00a0\u00bbon\u00a0\u00bb custom_button=\u00a0\u00bbon\u00a0\u00bb button_text_size=\u00a0\u00bb16&Prime; button_text_color=\u00a0\u00bb#ffffff\u00a0\u00bb button_border_color=\u00a0\u00bb#ffffff\u00a0\u00bb button_font=\u00a0\u00bb||||\u00a0\u00bb button_use_icon=\u00a0\u00bboff\u00a0\u00bb max_width=\u00a0\u00bb800px\u00a0\u00bb header_font_size_tablet=\u00a0\u00bb80px\u00a0\u00bb header_font_size_phone=\u00a0\u00bb50px\u00a0\u00bb header_font_size_last_edited=\u00a0\u00bbon|phone\u00a0\u00bb body_font_size_tablet=\u00a0\u00bb\u00a0\u00bb body_font_size_phone=\u00a0\u00bb\u00a0\u00bb body_font_size_last_edited=\u00a0\u00bbon|tablet\u00a0\u00bb button_text_size_tablet=\u00a0\u00bb16&Prime; button_text_size_phone=\u00a0\u00bb16&Prime; button_text_color_hover=\u00a0\u00bb#666666&Prime; button_bg_color_hover=\u00a0\u00bb#ffffff\u00a0\u00bb global_colors_info=\u00a0\u00bb{}\u00a0\u00bb button_text_size__hover_enabled=\u00a0\u00bboff\u00a0\u00bb button_one_text_size__hover_enabled=\u00a0\u00bboff\u00a0\u00bb button_two_text_size__hover_enabled=\u00a0\u00bboff\u00a0\u00bb button_text_color__hover_enabled=\u00a0\u00bbon\u00a0\u00bb button_text_color__hover=\u00a0\u00bb#666666&Prime; button_one_text_color__hover_enabled=\u00a0\u00bboff\u00a0\u00bb button_two_text_color__hover_enabled=\u00a0\u00bboff\u00a0\u00bb button_border_width__hover_enabled=\u00a0\u00bboff\u00a0\u00bb button_one_border_width__hover_enabled=\u00a0\u00bboff\u00a0\u00bb button_two_border_width__hover_enabled=\u00a0\u00bboff\u00a0\u00bb button_border_color__hover_enabled=\u00a0\u00bboff\u00a0\u00bb button_one_border_color__hover_enabled=\u00a0\u00bboff\u00a0\u00bb button_two_border_color__hover_enabled=\u00a0\u00bboff\u00a0\u00bb button_border_radius__hover_enabled=\u00a0\u00bboff\u00a0\u00bb button_one_border_radius__hover_enabled=\u00a0\u00bboff\u00a0\u00bb button_two_border_radius__hover_enabled=\u00a0\u00bboff\u00a0\u00bb button_letter_spacing__hover_enabled=\u00a0\u00bboff\u00a0\u00bb button_one_letter_spacing__hover_enabled=\u00a0\u00bboff\u00a0\u00bb button_two_letter_spacing__hover_enabled=\u00a0\u00bboff\u00a0\u00bb button_bg_color__hover_enabled=\u00a0\u00bbon\u00a0\u00bb button_bg_color__hover=\u00a0\u00bb#ffffff\u00a0\u00bb button_one_bg_color__hover_enabled=\u00a0\u00bboff\u00a0\u00bb button_two_bg_color__hover_enabled=\u00a0\u00bboff\u00a0\u00bb sticky_transition=\u00a0\u00bbon\u00a0\u00bb]<\/p>\n<p>Les dons sont un soutien direct \u00e0 notre association. Ils nous permettent de <strong>continuer nos actions, d\u2019offrir des opportunit\u00e9s aux jeunes r\u00e9fugi\u00e9s, de financer nos activit\u00e9s et de rendre le sport accessible \u00e0 tous<\/strong>.<\/p>\n<p>Chaque contribution a un impact concret !<\/p>\n<p>[\/et_pb_slide][\/et_pb_fullwidth_slider][\/et_pb_section][et_pb_section fb_built=\u00a0\u00bb1&Prime; _builder_version=\u00a0\u00bb4.27.4&Prime; _module_preset=\u00a0\u00bbdefault\u00a0\u00bb global_colors_info=\u00a0\u00bb{}\u00a0\u00bb][et_pb_row column_structure=\u00a0\u00bb1_2,1_2&Prime; _builder_version=\u00a0\u00bb4.27.4&Prime; _module_preset=\u00a0\u00bbdefault\u00a0\u00bb global_colors_info=\u00a0\u00bb{}\u00a0\u00bb][et_pb_column type=\u00a0\u00bb1_2&Prime; _builder_version=\u00a0\u00bb4.27.4&Prime; _module_preset=\u00a0\u00bbdefault\u00a0\u00bb global_colors_info=\u00a0\u00bb{}\u00a0\u00bb][et_pb_text _builder_version=\u00a0\u00bb4.27.4&Prime; _module_preset=\u00a0\u00bbdefault\u00a0\u00bb header_2_text_align=\u00a0\u00bbleft\u00a0\u00bb vertical_offset=\u00a0\u00bb0px\u00a0\u00bb horizontal_offset=\u00a0\u00bb0px\u00a0\u00bb z_index=\u00a0\u00bb2&Prime; text_orientation=\u00a0\u00bbjustified\u00a0\u00bb width=\u00a0\u00bb100%\u00a0\u00bb height=\u00a0\u00bb220px\u00a0\u00bb height_tablet=\u00a0\u00bbauto\u00a0\u00bb height_phone=\u00a0\u00bbauto\u00a0\u00bb height_last_edited=\u00a0\u00bbon|phone\u00a0\u00bb custom_padding=\u00a0\u00bb3em|6em|3em|3em|true|false\u00a0\u00bb animation_style=\u00a0\u00bbslide\u00a0\u00bb border_radii=\u00a0\u00bbon|2em|2em|2em|2em\u00a0\u00bb border_color_all=\u00a0\u00bb#93ACA7&Prime; box_shadow_style=\u00a0\u00bbpreset3&Prime; box_shadow_vertical=\u00a0\u00bb2px\u00a0\u00bb box_shadow_blur=\u00a0\u00bb9px\u00a0\u00bb box_shadow_spread=\u00a0\u00bb0px\u00a0\u00bb global_colors_info=\u00a0\u00bb{}\u00a0\u00bb]<\/p>\n<h2 class=\"uppercase\"><span class=\"tracking-wide\">Aidez nous en faisant un don \u00e0 rookie slash<br \/><\/span><\/h2>\n<p>Votre soutien nous permet d\u2019offrir aux jeunes r\u00e9fugi\u00e9s un espace o\u00f9 ils peuvent grandir, s\u2019int\u00e9grer et s\u2019\u00e9panouir \u00e0 travers le sport.<\/p>\n<p>[\/et_pb_text][et_pb_text _builder_version=\u00a0\u00bb4.27.4&Prime; _module_preset=\u00a0\u00bbdefault\u00a0\u00bb header_2_text_align=\u00a0\u00bbleft\u00a0\u00bb vertical_offset=\u00a0\u00bb1000%\u00a0\u00bb horizontal_offset=\u00a0\u00bb0px\u00a0\u00bb z_index=\u00a0\u00bb10&Prime; text_orientation=\u00a0\u00bbjustified\u00a0\u00bb width=\u00a0\u00bb100%\u00a0\u00bb height=\u00a0\u00bb450px\u00a0\u00bb height_tablet=\u00a0\u00bbauto\u00a0\u00bb height_phone=\u00a0\u00bbauto\u00a0\u00bb height_last_edited=\u00a0\u00bbon|phone\u00a0\u00bb custom_padding=\u00a0\u00bb3em|6em|3em|3em|true|false\u00a0\u00bb animation_style=\u00a0\u00bbslide\u00a0\u00bb hover_enabled=\u00a0\u00bb0&Prime; custom_css_main_element=\u00a0\u00bb.payment-info {||    position: relative;||  \tmargin-top: 20px;||    padding: 20px;||    border-radius: 8px;||    background-color: white;||}||||\/* Coins en bordure avec la couleur primaire du site *\/||.payment-info::before,||.payment-info::after {||    content: %22%22;||    position: absolute;||    width: 20px; ||    height: 20px; ||    border: 3px solid #a02c2c;||}||||\/* Coin en haut \u00e0 gauche *\/||.payment-info::before {||    top: 0;||    left: 0;||    border-right: none;||    border-bottom: none;||}||||\/* Coin en bas \u00e0 droite *\/||.payment-info::after {||    bottom: 0;||    right: 0;||    border-left: none;||    border-top: none;||}||\u00a0\u00bb border_radii=\u00a0\u00bbon|2em|2em|2em|2em\u00a0\u00bb border_color_all=\u00a0\u00bb#93ACA7&Prime; box_shadow_style=\u00a0\u00bbpreset3&Prime; box_shadow_vertical=\u00a0\u00bb2px\u00a0\u00bb box_shadow_blur=\u00a0\u00bb9px\u00a0\u00bb box_shadow_spread=\u00a0\u00bb0px\u00a0\u00bb global_colors_info=\u00a0\u00bb{}\u00a0\u00bb sticky_enabled=\u00a0\u00bb0&Prime;]<\/p>\n<h2>Faire un don par virement bancaire<\/h2>\n<p>Faites un don par virement bancaire en utilisant les informations suivantes :<\/p>\n<div class=\"payment-info\"><a href=\"https:\/\/rookieslash.org\/wp-content\/uploads\/2025\/02\/Facture_QR_20250203.pdf\">T\u00e9l\u00e9charger la facture QR<\/a><br \/>B\u00e9n\u00e9ficiaire : Association Rookie Slash<br \/>Banque : PostFinance<br \/>IBAN : CH58 0900 0000 1588 6638 1<br \/>BIC\/SWIFT : &lt;bic\/swift&gt;<br \/>R\u00e9f\u00e9rence : Don Rookie Slash<br \/>Montant : libre<\/div>\n<p>[\/et_pb_text][\/et_pb_column][et_pb_column type=\u00a0\u00bb1_2&Prime; _builder_version=\u00a0\u00bb4.27.4&Prime; _module_preset=\u00a0\u00bbdefault\u00a0\u00bb global_colors_info=\u00a0\u00bb{}\u00a0\u00bb][et_pb_text _builder_version=\u00a0\u00bb4.27.4&Prime; _module_preset=\u00a0\u00bbdefault\u00a0\u00bb header_2_text_align=\u00a0\u00bbleft\u00a0\u00bb vertical_offset=\u00a0\u00bb1000%\u00a0\u00bb horizontal_offset=\u00a0\u00bb0px\u00a0\u00bb z_index=\u00a0\u00bb10&Prime; text_orientation=\u00a0\u00bbjustified\u00a0\u00bb width=\u00a0\u00bb100%\u00a0\u00bb height=\u00a0\u00bb450px\u00a0\u00bb height_tablet=\u00a0\u00bbauto\u00a0\u00bb height_phone=\u00a0\u00bbauto\u00a0\u00bb height_last_edited=\u00a0\u00bbon|phone\u00a0\u00bb custom_padding=\u00a0\u00bb3em|6em|3em|3em|true|false\u00a0\u00bb animation_style=\u00a0\u00bbslide\u00a0\u00bb hover_enabled=\u00a0\u00bb0&Prime; custom_css_main_element=\u00a0\u00bb.payment-info {||    position: relative;||  \tmargin-top: 20px;||    padding: 20px;||    border-radius: 8px;||    background-color: white;||}||||\/* Coins en bordure avec la couleur primaire du site *\/||.payment-info::before,||.payment-info::after {||    content: %22%22;||    position: absolute;||    width: 20px; ||    height: 20px; ||    border: 3px solid #a02c2c;||}||||\/* Coin en haut \u00e0 gauche *\/||.payment-info::before {||    top: 0;||    left: 0;||    border-right: none;||    border-bottom: none;||}||||\/* Coin en bas \u00e0 droite *\/||.payment-info::after {||    bottom: 0;||    right: 0;||    border-left: none;||    border-top: none;||}||\u00a0\u00bb border_radii=\u00a0\u00bbon|2em|2em|2em|2em\u00a0\u00bb border_color_all=\u00a0\u00bb#93ACA7&Prime; box_shadow_style=\u00a0\u00bbpreset3&Prime; box_shadow_vertical=\u00a0\u00bb2px\u00a0\u00bb box_shadow_blur=\u00a0\u00bb9px\u00a0\u00bb box_shadow_spread=\u00a0\u00bb0px\u00a0\u00bb global_colors_info=\u00a0\u00bb{}\u00a0\u00bb sticky_enabled=\u00a0\u00bb0&Prime;]<\/p>\n<h2>Faire un don par twint<\/h2>\n<p>Faites un don par twint en utilisant les informations suivantes :<\/p>\n<p class=\"payment-info\">B\u00e9n\u00e9ficiaire : Association Rookie Slash<br \/>Num\u00e9ro de t\u00e9l\u00e9phone : +41 78 753 69 99<br \/><img loading=\"lazy\" decoding=\"async\" src=\"https:\/\/rookieslash.org\/wp-content\/uploads\/2024\/03\/Logo-Noir-Transparent-150x150.png\" width=\"150\" height=\"150\" alt=\"\" class=\"wp-image-31464 alignnone size-thumbnail\" style=\"display: block; margin-left: auto; margin-right: auto;\" \/><\/p>\n<p>[\/et_pb_text][et_pb_image src=\u00a0\u00bbhttps:\/\/rookieslash.org\/wp-content\/uploads\/2023\/03\/20220919_171841-scaled.jpg\u00a0\u00bb alt=\u00a0\u00bbwoman in black jacket standing on beach during sunset\u00a0\u00bb title_text=\u00a0\u00bb20220919_171841&Prime; align=\u00a0\u00bbcenter\u00a0\u00bb disabled_on=\u00a0\u00bbon|on|off\u00a0\u00bb _builder_version=\u00a0\u00bb4.27.4&Prime; _module_preset=\u00a0\u00bbdefault\u00a0\u00bb horizontal_offset=\u00a0\u00bb0px\u00a0\u00bb width=\u00a0\u00bb100%\u00a0\u00bb height=\u00a0\u00bb220px\u00a0\u00bb animation_style=\u00a0\u00bbslide\u00a0\u00bb custom_css_before=\u00a0\u00bbcontent: %22Merci !%22;||position: absolute;||top: 50%;||left: 50%;||transform: translate(-50%, -50%);||font-family: %22Bangers%22, cursive;||font-size: 3rem; \/* Ajuste la taille selon besoin *\/||color: white;||text-shadow: 2px 2px 5px rgba(0, 0, 0, 0.5);||z-index: 10;||\u00a0\u00bb custom_css_main_element=\u00a0\u00bbposition: relative;||display: inline-block;||||img {||  object-fit: cover !important;||  object-position: center !important;||}\u00a0\u00bb global_colors_info=\u00a0\u00bb{}\u00a0\u00bb border_radii__hover_enabled=\u00a0\u00bbon|desktop\u00a0\u00bb][\/et_pb_image][\/et_pb_column][\/et_pb_row][et_pb_row column_structure=\u00a0\u00bb1_2,1_2&Prime; disabled_on=\u00a0\u00bbon|on|on\u00a0\u00bb _builder_version=\u00a0\u00bb4.27.4&Prime; _module_preset=\u00a0\u00bbdefault\u00a0\u00bb disabled=\u00a0\u00bbon\u00a0\u00bb global_colors_info=\u00a0\u00bb{}\u00a0\u00bb][et_pb_column type=\u00a0\u00bb1_2&Prime; _builder_version=\u00a0\u00bb4.27.4&Prime; _module_preset=\u00a0\u00bbdefault\u00a0\u00bb global_colors_info=\u00a0\u00bb{}\u00a0\u00bb][et_pb_text _builder_version=\u00a0\u00bb4.27.4&Prime; _module_preset=\u00a0\u00bbdefault\u00a0\u00bb header_2_text_align=\u00a0\u00bbleft\u00a0\u00bb vertical_offset=\u00a0\u00bb0px\u00a0\u00bb horizontal_offset=\u00a0\u00bb0px\u00a0\u00bb z_index=\u00a0\u00bb2&Prime; text_orientation=\u00a0\u00bbjustified\u00a0\u00bb width=\u00a0\u00bb100%\u00a0\u00bb custom_padding=\u00a0\u00bb3em|6em|3em|3em|true|false\u00a0\u00bb border_radii=\u00a0\u00bbon|2em|2em|2em|2em\u00a0\u00bb border_color_all=\u00a0\u00bb#93ACA7&Prime; box_shadow_style=\u00a0\u00bbpreset3&Prime; box_shadow_vertical=\u00a0\u00bb9px\u00a0\u00bb global_colors_info=\u00a0\u00bb{}\u00a0\u00bb]<\/p>\n<h2 class=\"uppercase\"><span class=\"tracking-wide\">Aidez nous en faisant un don \u00e0 rookie slash<br \/><\/span><\/h2>\n<p>Votre soutien nous permet d\u2019offrir aux jeunes r\u00e9fugi\u00e9s un espace o\u00f9 ils peuvent grandir, s\u2019int\u00e9grer et s\u2019\u00e9panouir \u00e0 travers le sport.<\/p>\n<p>[\/et_pb_text][et_pb_text _builder_version=\u00a0\u00bb4.27.4&Prime; _module_preset=\u00a0\u00bbdefault\u00a0\u00bb header_2_text_align=\u00a0\u00bbleft\u00a0\u00bb vertical_offset=\u00a0\u00bb1000%\u00a0\u00bb horizontal_offset=\u00a0\u00bb0px\u00a0\u00bb z_index=\u00a0\u00bb10&Prime; text_orientation=\u00a0\u00bbjustified\u00a0\u00bb width=\u00a0\u00bb100%\u00a0\u00bb custom_padding=\u00a0\u00bb3em|6em|3em|3em|true|false\u00a0\u00bb border_radii=\u00a0\u00bbon|2em|2em|2em|2em\u00a0\u00bb border_color_all=\u00a0\u00bb#93ACA7&Prime; box_shadow_style=\u00a0\u00bbpreset3&Prime; box_shadow_vertical=\u00a0\u00bb9px\u00a0\u00bb global_colors_info=\u00a0\u00bb{}\u00a0\u00bb]<\/p>\n<h2>Informations bancaires<\/h2>\n<p><strong>Association Rookie Slash<\/strong><br \/><strong>All\u00e9e Pic-Pic 2 \u2013 Gen\u00e8ve<\/strong><br \/><strong>1203 Gen\u00e8ve, Switzerland<\/strong><br \/><strong>Rookieslash.org<\/strong><br \/><strong>nytai.aidlin@rookieslash.org<\/strong><\/p>\n<p><strong>Nom de la banque : PostFinance<\/strong><br \/><strong>Nom du compte : Association Rookie Slash<\/strong><br \/><strong>IBAN : CH58 0900 0000 1588 6638 1<\/strong><\/p>\n<p>&nbsp;<\/p>\n<p>[\/et_pb_text][\/et_pb_column][et_pb_column type=\u00a0\u00bb1_2&Prime; _builder_version=\u00a0\u00bb4.27.4&Prime; _module_preset=\u00a0\u00bbdefault\u00a0\u00bb global_colors_info=\u00a0\u00bb{}\u00a0\u00bb][et_pb_image src=\u00a0\u00bbhttps:\/\/rookieslash.org\/wp-content\/uploads\/2023\/03\/20220919_171841-scaled.jpg\u00a0\u00bb alt=\u00a0\u00bbwoman in black jacket standing on beach during sunset\u00a0\u00bb title_text=\u00a0\u00bb20220919_171841&Prime; _builder_version=\u00a0\u00bb4.27.4&Prime; _module_preset=\u00a0\u00bbdefault\u00a0\u00bb horizontal_offset=\u00a0\u00bb0px\u00a0\u00bb width=\u00a0\u00bb100%\u00a0\u00bb global_colors_info=\u00a0\u00bb{}\u00a0\u00bb][\/et_pb_image][et_pb_code _builder_version=\u00a0\u00bb4.27.4&Prime; _module_preset=\u00a0\u00bbdefault\u00a0\u00bb vertical_offset=\u00a0\u00bb1000%\u00a0\u00bb horizontal_offset=\u00a0\u00bb-10%\u00a0\u00bb width=\u00a0\u00bb100%\u00a0\u00bb global_colors_info=\u00a0\u00bb{}\u00a0\u00bb][give_form id=\u00a0\u00bb289692&Prime;][\/et_pb_code][\/et_pb_column][\/et_pb_row][\/et_pb_section]<\/p>\n","protected":false},"excerpt":{"rendered":"<p>Les dons sont un soutien direct \u00e0 notre association. Ils nous permettent de continuer nos actions, d\u2019offrir des opportunit\u00e9s aux jeunes r\u00e9fugi\u00e9s, de financer nos activit\u00e9s et de rendre le sport accessible \u00e0 tous. Chaque contribution a un impact concret !Aidez nous en faisant un don \u00e0 rookie slash Votre soutien nous permet d\u2019offrir aux [&hellip;]<\/p>\n","protected":false},"author":1,"featured_media":0,"parent":0,"menu_order":0,"comment_status":"closed","ping_status":"closed","template":"","meta":{"_et_pb_use_builder":"on","_et_pb_old_content":"","_et_gb_content_width":"","footnotes":""},"class_list":["post-28640","page","type-page","status-publish","hentry"],"_links":{"self":[{"href":"https:\/\/rookieslash.org\/en\/wp-json\/wp\/v2\/pages\/28640","targetHints":{"allow":["GET"]}}],"collection":[{"href":"https:\/\/rookieslash.org\/en\/wp-json\/wp\/v2\/pages"}],"about":[{"href":"https:\/\/rookieslash.org\/en\/wp-json\/wp\/v2\/types\/page"}],"author":[{"embeddable":true,"href":"https:\/\/rookieslash.org\/en\/wp-json\/wp\/v2\/users\/1"}],"replies":[{"embeddable":true,"href":"https:\/\/rookieslash.org\/en\/wp-json\/wp\/v2\/comments?post=28640"}],"version-history":[{"count":77,"href":"https:\/\/rookieslash.org\/en\/wp-json\/wp\/v2\/pages\/28640\/revisions"}],"predecessor-version":[{"id":290009,"href":"https:\/\/rookieslash.org\/en\/wp-json\/wp\/v2\/pages\/28640\/revisions\/290009"}],"wp:attachment":[{"href":"https:\/\/rookieslash.org\/en\/wp-json\/wp\/v2\/media?parent=28640"}],"curies":[{"name":"wp","href":"https:\/\/api.w.org\/{rel}","templated":true}]}}